{"id":18,"date":"2023-08-08T12:39:53","date_gmt":"2023-08-08T15:39:53","guid":{"rendered":"https:\/\/panelamagica.online\/?page_id=18"},"modified":"2023-08-08T12:39:53","modified_gmt":"2023-08-08T15:39:53","slug":"sobre-nos","status":"publish","type":"page","link":"https:\/\/panelamagica.online\/index.php\/sobre-nos\/","title":{"rendered":"Sobre N\u00f3s"},"content":{"rendered":"\n<p>No Site Panela M\u00e1gica, voc\u00ea encontrar\u00e1 um ambiente digital projetado para inspirar e capacitar cozinheiros de todos os n\u00edveis. Nossa plataforma \u00e9 cuidadosamente organizada para facilitar a navega\u00e7\u00e3o e garantir que voc\u00ea encontre exatamente o que procura.<\/p>\n","protected":false},"excerpt":{"rendered":"<p>No Site Panela M\u00e1gica, voc\u00ea encontrar\u00e1 um ambiente digital projetado para inspirar e capacitar cozinheiros de todos os n\u00edveis. Nossa plataforma \u00e9 cuidadosamente organizada para<\/p>\n","protected":false},"author":1,"featured_media":0,"parent":0,"menu_order":0,"comment_status":"closed","ping_status":"closed","template":"","meta":[],"aioseo_notices":[],"_links":{"self":[{"href":"https:\/\/panelamagica.online\/index.php\/wp-json\/wp\/v2\/pages\/18"}],"collection":[{"href":"https:\/\/panelamagica.online\/index.php\/wp-json\/wp\/v2\/pages"}],"about":[{"href":"https:\/\/panelamagica.online\/index.php\/wp-json\/wp\/v2\/types\/page"}],"author":[{"embeddable":true,"href":"https:\/\/panelamagica.online\/index.php\/wp-json\/wp\/v2\/users\/1"}],"replies":[{"embeddable":true,"href":"https:\/\/panelamagica.online\/index.php\/wp-json\/wp\/v2\/comments?post=18"}],"version-history":[{"count":1,"href":"https:\/\/panelamagica.online\/index.php\/wp-json\/wp\/v2\/pages\/18\/revisions"}],"predecessor-version":[{"id":19,"href":"https:\/\/panelamagica.online\/index.php\/wp-json\/wp\/v2\/pages\/18\/revisions\/19"}],"wp:attachment":[{"href":"https:\/\/panelamagica.online\/index.php\/wp-json\/wp\/v2\/media?parent=18"}],"curies":[{"name":"wp","href":"https:\/\/api.w.org\/{rel}","templated":true}]}}